{"id":3390,"date":"2015-08-03T19:14:09","date_gmt":"2015-08-03T17:14:09","guid":{"rendered":"http:\/\/maler-bendfeld.de.w0137af7.kasserver.com\/?page_id=3390"},"modified":"2019-08-08T19:01:27","modified_gmt":"2019-08-08T17:01:27","slug":"oekologischer-trockenbau","status":"publish","type":"page","link":"https:\/\/maler-bendfeld.de\/index.php\/oekologischer-trockenbau\/","title":{"rendered":"\u00d6kologischer Trockenbau"},"content":{"rendered":"\n<style type=\"text\/css\" data-created_by=\"avia_inline_auto\" id=\"style-css-av-ev0ej2-2198c8f04dc7a6d14709baae069a9f62\">\n.flex_column.av-ev0ej2-2198c8f04dc7a6d14709baae069a9f62{\n-webkit-border-radius:0px 0px 0px 0px;\n-moz-border-radius:0px 0px 0px 0px;\nborder-radius:0px 0px 0px 0px;\npadding:0px 0px 0px 0px;\n}\n<\/style>\n<div class='flex_column av-ev0ej2-2198c8f04dc7a6d14709baae069a9f62 av_three_fifth  avia-builder-el-0  el_before_av_two_fifth  avia-builder-el-first  first flex_column_div av-zero-column-padding '     ><section  class='av_textblock_section av-c7a466-8441d5e42a2bd15d7712a10c91fdd465'  itemscope=\"itemscope\" itemtype=\"https:\/\/schema.org\/CreativeWork\" ><div class='avia_textblock'  itemprop=\"text\" ><h2>\u00d6kologischer Trockenbau<\/h2>\n<h4>Mit der Entwicklung der Lehmbauplatten ist auch der schnelle Leichtbau mit \u00f6kologischen Baustoffen in Rein-Natur m\u00f6glich.<\/h4>\n<h4>Der Trockenbau l\u00e4sst sich aber auch mit Holz-Weichfaserplatten erstellen. In Kombination mit Lehmbaustoffen ergibt sich eine neue g\u00fcnstige Entwicklungsphase im \u00f6kologischen Trockenbau f\u00fcr ein gutes Raumklima.<\/h4>\n<h4>Der Lehmtrockenbau eignet sich besonders f\u00fcr den Aus-, und Umbaubereich. Die Einsatzgebiete sind die Beplankung von Trennw\u00e4nden, Vorsatzschalen, abgeh\u00e4ngte Decken und der Dachgeschoss-Ausbau. Hierbei werden modernes Bauen mit kurzen Bauzeiten bei minimierten Feuchteeintrag und nat\u00fcrliche Materialien kombiniert.<\/h4>\n<\/div><\/section><br \/>\n\n<style type=\"text\/css\" data-created_by=\"avia_inline_auto\" id=\"style-css-av-av45by-46f53a61206547e9e4af02c6a4be45f1\">\n#top .hr.hr-invisible.av-av45by-46f53a61206547e9e4af02c6a4be45f1{\nheight:20px;\n}\n<\/style>\n<div  class='hr av-av45by-46f53a61206547e9e4af02c6a4be45f1 hr-invisible  avia-builder-el-2  el_after_av_textblock  el_before_av_textblock '><span class='hr-inner '><span class=\"hr-inner-style\"><\/span><\/span><\/div><br \/>\n<section  class='av_textblock_section av-9drhta-9cca2b38a71981b7b53095fe6f62175c'  itemscope=\"itemscope\" itemtype=\"https:\/\/schema.org\/CreativeWork\" ><div class='avia_textblock'  itemprop=\"text\" ><h4><a href=\"http:\/\/claytec.de\" target=\"_blank\" rel=\"noopener noreferrer\"><img loading=\"lazy\" decoding=\"async\" class=\"wp-image-3442 size-full alignnone\" src=\"https:\/\/maler-bendfeld.de\/wp-content\/uploads\/2015\/08\/Claytec_Logo_2farbig.png\" alt=\"\" width=\"200\" height=\"59\" \/><\/a><\/h4>\n<h4>Mehr Informationen zum \u00f6kologischen Trockenbau<\/h4>\n<h4>Hersteller Lehmbaustoffe Claytec <span style=\"color: #000080;\"><strong><a style=\"color: #000080;\" href=\"http:\/\/www.claytec.de\">www.claytec.de<\/a><\/strong><\/span><\/h4>\n<\/div><\/section><br \/>\n\n<style type=\"text\/css\" data-created_by=\"avia_inline_auto\" id=\"style-css-av-7xjzry-f6294188654ded150f588670c42c6573\">\n#top .hr.hr-invisible.av-7xjzry-f6294188654ded150f588670c42c6573{\nheight:80px;\n}\n<\/style>\n<div  class='hr av-7xjzry-f6294188654ded150f588670c42c6573 hr-invisible  avia-builder-el-4  el_after_av_textblock  avia-builder-el-last '><span class='hr-inner '><span class=\"hr-inner-style\"><\/span><\/span><\/div><\/p><\/div>\n<style type=\"text\/css\" data-created_by=\"avia_inline_auto\" id=\"style-css-av-5rua6m-ad06571c3c13a0be386469dd7b52a22a\">\n.flex_column.av-5rua6m-ad06571c3c13a0be386469dd7b52a22a{\n-webkit-border-radius:0px 0px 0px 0px;\n-moz-border-radius:0px 0px 0px 0px;\nborder-radius:0px 0px 0px 0px;\npadding:0px 0px 0px 0px;\n}\n<\/style>\n<div class='flex_column av-5rua6m-ad06571c3c13a0be386469dd7b52a22a av_two_fifth  avia-builder-el-5  el_after_av_three_fifth  avia-builder-el-last  flex_column_div av-zero-column-padding '     ><p>\n<style type=\"text\/css\" data-created_by=\"avia_inline_auto\" id=\"style-css-av-4ttcym-f836b745813c74a31083e6e8f807204f\">\n#top .hr.hr-invisible.av-4ttcym-f836b745813c74a31083e6e8f807204f{\nheight:55px;\n}\n<\/style>\n<div  class='hr av-4ttcym-f836b745813c74a31083e6e8f807204f hr-invisible  avia-builder-el-6  el_before_av_textblock  avia-builder-el-first '><span class='hr-inner '><span class=\"hr-inner-style\"><\/span><\/span><\/div><br \/>\n<section  class='av_textblock_section av-2fhxoe-5d6f08eab27d80c7fc24a3929297d98f'  itemscope=\"itemscope\" itemtype=\"https:\/\/schema.org\/CreativeWork\" ><div class='avia_textblock'  itemprop=\"text\" ><p><img loading=\"lazy\" decoding=\"async\" class=\"alignnone  wp-image-3457\" src=\"http:\/\/maler-bendfeld.de\/wp-content\/uploads\/2015\/08\/trockenbau.jpg\" alt=\"trockenbau\" width=\"520\" height=\"396\" srcset=\"https:\/\/maler-bendfeld.de\/wp-content\/uploads\/2015\/08\/trockenbau.jpg 879w, https:\/\/maler-bendfeld.de\/wp-content\/uploads\/2015\/08\/trockenbau-300x229.jpg 300w, https:\/\/maler-bendfeld.de\/wp-content\/uploads\/2015\/08\/trockenbau-705x537.jpg 705w, https:\/\/maler-bendfeld.de\/wp-content\/uploads\/2015\/08\/trockenbau-450x343.jpg 450w\" sizes=\"auto, (max-width: 520px) 100vw, 520px\" \/><\/p>\n<\/div><\/section><\/p><\/div><\/p>\n","protected":false},"excerpt":{"rendered":"","protected":false},"author":1,"featured_media":0,"parent":0,"menu_order":0,"comment_status":"open","ping_status":"open","template":"","meta":{"footnotes":""},"class_list":["post-3390","page","type-page","status-publish","hentry"],"yoast_head":"<!-- This site is optimized with the Yoast SEO plugin v26.8 - https:\/\/yoast.com\/product\/yoast-seo-wordpress\/ -->\n<title>\u00d6kologischer Trockenbau - Andreas Bendfeld Maler- und Lackierermeister | Fachkraft Lehmbau DVL<\/title>\n<meta name=\"robots\" content=\"index, follow, max-snippet:-1, max-image-preview:large, max-video-preview:-1\" \/>\n<link rel=\"canonical\" href=\"https:\/\/maler-bendfeld.de\/index.php\/oekologischer-trockenbau\/\" \/>\n<meta property=\"og:locale\" content=\"de_DE\" \/>\n<meta property=\"og:type\" content=\"article\" \/>\n<meta property=\"og:title\" content=\"\u00d6kologischer Trockenbau - Andreas Bendfeld Maler- und Lackierermeister | Fachkraft Lehmbau DVL\" \/>\n<meta property=\"og:url\" content=\"https:\/\/maler-bendfeld.de\/index.php\/oekologischer-trockenbau\/\" \/>\n<meta property=\"og:site_name\" content=\"Andreas Bendfeld Maler- und Lackierermeister | Fachkraft Lehmbau DVL\" \/>\n<meta property=\"article:modified_time\" content=\"2019-08-08T17:01:27+00:00\" \/>\n<meta property=\"og:image\" content=\"https:\/\/maler-bendfeld.de\/wp-content\/uploads\/2015\/08\/Claytec_Logo_2farbig.png\" \/>\n<meta name=\"twitter:card\" content=\"summary_large_image\" \/>\n<meta name=\"twitter:label1\" content=\"Gesch\u00e4tzte Lesezeit\" \/>\n\t<meta name=\"twitter:data1\" content=\"2\u00a0Minuten\" \/>\n<script type=\"application\/ld+json\" class=\"yoast-schema-graph\">{\"@context\":\"https:\/\/schema.org\",\"@graph\":[{\"@type\":\"WebPage\",\"@id\":\"https:\/\/maler-bendfeld.de\/index.php\/oekologischer-trockenbau\/\",\"url\":\"https:\/\/maler-bendfeld.de\/index.php\/oekologischer-trockenbau\/\",\"name\":\"\u00d6kologischer Trockenbau - Andreas Bendfeld Maler- und Lackierermeister | Fachkraft Lehmbau DVL\",\"isPartOf\":{\"@id\":\"https:\/\/maler-bendfeld.de\/#website\"},\"primaryImageOfPage\":{\"@id\":\"https:\/\/maler-bendfeld.de\/index.php\/oekologischer-trockenbau\/#primaryimage\"},\"image\":{\"@id\":\"https:\/\/maler-bendfeld.de\/index.php\/oekologischer-trockenbau\/#primaryimage\"},\"thumbnailUrl\":\"https:\/\/maler-bendfeld.de\/wp-content\/uploads\/2015\/08\/Claytec_Logo_2farbig.png\",\"datePublished\":\"2015-08-03T17:14:09+00:00\",\"dateModified\":\"2019-08-08T17:01:27+00:00\",\"breadcrumb\":{\"@id\":\"https:\/\/maler-bendfeld.de\/index.php\/oekologischer-trockenbau\/#breadcrumb\"},\"inLanguage\":\"de\",\"potentialAction\":[{\"@type\":\"ReadAction\",\"target\":[\"https:\/\/maler-bendfeld.de\/index.php\/oekologischer-trockenbau\/\"]}]},{\"@type\":\"ImageObject\",\"inLanguage\":\"de\",\"@id\":\"https:\/\/maler-bendfeld.de\/index.php\/oekologischer-trockenbau\/#primaryimage\",\"url\":\"https:\/\/maler-bendfeld.de\/wp-content\/uploads\/2015\/08\/Claytec_Logo_2farbig.png\",\"contentUrl\":\"https:\/\/maler-bendfeld.de\/wp-content\/uploads\/2015\/08\/Claytec_Logo_2farbig.png\",\"width\":200,\"height\":59},{\"@type\":\"BreadcrumbList\",\"@id\":\"https:\/\/maler-bendfeld.de\/index.php\/oekologischer-trockenbau\/#breadcrumb\",\"itemListElement\":[{\"@type\":\"ListItem\",\"position\":1,\"name\":\"Startseite\",\"item\":\"https:\/\/maler-bendfeld.de\/\"},{\"@type\":\"ListItem\",\"position\":2,\"name\":\"\u00d6kologischer Trockenbau\"}]},{\"@type\":\"WebSite\",\"@id\":\"https:\/\/maler-bendfeld.de\/#website\",\"url\":\"https:\/\/maler-bendfeld.de\/\",\"name\":\"Andreas Bendfeld Maler- und Lackierermeister | Fachkraft Lehmbau DVL\",\"description\":\"in D\u00fcsseldorf, Neuss, Kaarst und Umgebung\",\"potentialAction\":[{\"@type\":\"SearchAction\",\"target\":{\"@type\":\"EntryPoint\",\"urlTemplate\":\"https:\/\/maler-bendfeld.de\/?s={search_term_string}\"},\"query-input\":{\"@type\":\"PropertyValueSpecification\",\"valueRequired\":true,\"valueName\":\"search_term_string\"}}],\"inLanguage\":\"de\"}]}<\/script>\n<!-- \/ Yoast SEO plugin. -->","yoast_head_json":{"title":"\u00d6kologischer Trockenbau - Andreas Bendfeld Maler- und Lackierermeister | Fachkraft Lehmbau DVL","robots":{"index":"index","follow":"follow","max-snippet":"max-snippet:-1","max-image-preview":"max-image-preview:large","max-video-preview":"max-video-preview:-1"},"canonical":"https:\/\/maler-bendfeld.de\/index.php\/oekologischer-trockenbau\/","og_locale":"de_DE","og_type":"article","og_title":"\u00d6kologischer Trockenbau - Andreas Bendfeld Maler- und Lackierermeister | Fachkraft Lehmbau DVL","og_url":"https:\/\/maler-bendfeld.de\/index.php\/oekologischer-trockenbau\/","og_site_name":"Andreas Bendfeld Maler- und Lackierermeister | Fachkraft Lehmbau DVL","article_modified_time":"2019-08-08T17:01:27+00:00","og_image":[{"url":"https:\/\/maler-bendfeld.de\/wp-content\/uploads\/2015\/08\/Claytec_Logo_2farbig.png","type":"","width":"","height":""}],"twitter_card":"summary_large_image","twitter_misc":{"Gesch\u00e4tzte Lesezeit":"2\u00a0Minuten"},"schema":{"@context":"https:\/\/schema.org","@graph":[{"@type":"WebPage","@id":"https:\/\/maler-bendfeld.de\/index.php\/oekologischer-trockenbau\/","url":"https:\/\/maler-bendfeld.de\/index.php\/oekologischer-trockenbau\/","name":"\u00d6kologischer Trockenbau - Andreas Bendfeld Maler- und Lackierermeister | Fachkraft Lehmbau DVL","isPartOf":{"@id":"https:\/\/maler-bendfeld.de\/#website"},"primaryImageOfPage":{"@id":"https:\/\/maler-bendfeld.de\/index.php\/oekologischer-trockenbau\/#primaryimage"},"image":{"@id":"https:\/\/maler-bendfeld.de\/index.php\/oekologischer-trockenbau\/#primaryimage"},"thumbnailUrl":"https:\/\/maler-bendfeld.de\/wp-content\/uploads\/2015\/08\/Claytec_Logo_2farbig.png","datePublished":"2015-08-03T17:14:09+00:00","dateModified":"2019-08-08T17:01:27+00:00","breadcrumb":{"@id":"https:\/\/maler-bendfeld.de\/index.php\/oekologischer-trockenbau\/#breadcrumb"},"inLanguage":"de","potentialAction":[{"@type":"ReadAction","target":["https:\/\/maler-bendfeld.de\/index.php\/oekologischer-trockenbau\/"]}]},{"@type":"ImageObject","inLanguage":"de","@id":"https:\/\/maler-bendfeld.de\/index.php\/oekologischer-trockenbau\/#primaryimage","url":"https:\/\/maler-bendfeld.de\/wp-content\/uploads\/2015\/08\/Claytec_Logo_2farbig.png","contentUrl":"https:\/\/maler-bendfeld.de\/wp-content\/uploads\/2015\/08\/Claytec_Logo_2farbig.png","width":200,"height":59},{"@type":"BreadcrumbList","@id":"https:\/\/maler-bendfeld.de\/index.php\/oekologischer-trockenbau\/#breadcrumb","itemListElement":[{"@type":"ListItem","position":1,"name":"Startseite","item":"https:\/\/maler-bendfeld.de\/"},{"@type":"ListItem","position":2,"name":"\u00d6kologischer Trockenbau"}]},{"@type":"WebSite","@id":"https:\/\/maler-bendfeld.de\/#website","url":"https:\/\/maler-bendfeld.de\/","name":"Andreas Bendfeld Maler- und Lackierermeister | Fachkraft Lehmbau DVL","description":"in D\u00fcsseldorf, Neuss, Kaarst und Umgebung","potentialAction":[{"@type":"SearchAction","target":{"@type":"EntryPoint","urlTemplate":"https:\/\/maler-bendfeld.de\/?s={search_term_string}"},"query-input":{"@type":"PropertyValueSpecification","valueRequired":true,"valueName":"search_term_string"}}],"inLanguage":"de"}]}},"_links":{"self":[{"href":"https:\/\/maler-bendfeld.de\/index.php\/wp-json\/wp\/v2\/pages\/3390","targetHints":{"allow":["GET"]}}],"collection":[{"href":"https:\/\/maler-bendfeld.de\/index.php\/wp-json\/wp\/v2\/pages"}],"about":[{"href":"https:\/\/maler-bendfeld.de\/index.php\/wp-json\/wp\/v2\/types\/page"}],"author":[{"embeddable":true,"href":"https:\/\/maler-bendfeld.de\/index.php\/wp-json\/wp\/v2\/users\/1"}],"replies":[{"embeddable":true,"href":"https:\/\/maler-bendfeld.de\/index.php\/wp-json\/wp\/v2\/comments?post=3390"}],"version-history":[{"count":2,"href":"https:\/\/maler-bendfeld.de\/index.php\/wp-json\/wp\/v2\/pages\/3390\/revisions"}],"predecessor-version":[{"id":3525,"href":"https:\/\/maler-bendfeld.de\/index.php\/wp-json\/wp\/v2\/pages\/3390\/revisions\/3525"}],"wp:attachment":[{"href":"https:\/\/maler-bendfeld.de\/index.php\/wp-json\/wp\/v2\/media?parent=3390"}],"curies":[{"name":"wp","href":"https:\/\/api.w.org\/{rel}","templated":true}]}}