{"id":3496,"date":"2017-11-01T13:26:56","date_gmt":"2017-11-01T12:26:56","guid":{"rendered":"http:\/\/maler-bendfeld.de\/?page_id=3496"},"modified":"2017-11-01T13:34:37","modified_gmt":"2017-11-01T12:34:37","slug":"kt-color","status":"publish","type":"page","link":"https:\/\/maler-bendfeld.de\/index.php\/kt-color\/","title":{"rendered":"kt.COLOR"},"content":{"rendered":"<h3>kt.COLOR, die Farbmanufaktur<\/h3>\n<p>In einer ehemaligen Weberei im Z\u00fcricher Oberland werden Farben und Kalkputze hergestellt, die Architekten, Designer und Bauherren weltweit begeistern. Unverf\u00e4lschte Erdfarben und seltene Pigmente wie Elfenbeinschwarz, Pariserblau, Halbedelsteine und Veronesergr\u00fcn zeichnen die Produkte aus.<\/p>\n<p>Farbe ist Material. Die handwerkliche Herstellung von Farben im Manufakturbetrieb unter Verwendung von mehr als 120 pr\u00e4chtigen Pigmenten bringt berauschende dunkle Farben, opulente Metallics, sanfte helle T\u00f6ne und verbl\u00fcffend sch\u00f6ne Farbkonzepte hervor. 225 handgemalte Farbmuster der Musterkollektion verf\u00fchren Sie in diese Welt der Sch\u00f6nheit.<\/p>\n<p>Farbe spiegelt die Kultur einer Gesellschaft. Jedes Pigment und jede Farbe von kt.COLOR erz\u00e4hlt eine eigene Geschichte. Firmengr\u00fcnderin Katrin Trautwein sammelt und h\u00fctet sie wie einen Kulturschatz und gibt sie in B\u00fcchern und Fachseminaren weiter.<br \/>\nJede kt.COLOR Farbe ist ein Handwerkserzeugnis aus dem Manufakturbetrieb in Uster. Lapislazuli aus Afghanistan, Veronesergr\u00fcn aus Italien, Umbra-Erde aus Zypern und Carrara-Marmor sind nur vier der 120 Pigmente, die diesen Farben ihre zauberhafte Wirkung verleihen. Mit Farben und Lacken f\u00fcr Innen und Au\u00dfen in einer Auswahl von 225 Farbnuancen wird eine sichere L\u00f6sung f\u00fcr jede Aufgabe angeboten.<br \/>\nNaturpigmente entstammen aus dem Erdreich oder den Halbedelsteinen. Sie m\u00fcssen nur gemahlen werden. Im Gegensatz zu mineralischen Pigmenten, die in Gro\u00dfanlagen aus unbunten Mineralien k\u00fcnstlich hergestellt werden, haben sie eine grobe K\u00f6rnung, die ihnen eine unvergleichlich sanfte Wirkung verleiht. Mineral- und Metallicpigmente werden industriell pr\u00e4pariert. Sie sind intensiver als die ruhigen Naturpigmente.<br \/>\nOrganische Pigmente entstammen der lebenden Materie. Pflanzfarbstoffe sind wenig lichtecht, sie werden nicht verwendet. Synthetische organische Pigmente werden aus Erd\u00f6lnebenprodukten gewonnen, sie bringen Farben wie Magenta und Karmin ihre fabelhafte Intensit\u00e4t.<br \/>\nFarben nach Kundenwunsch. Affoltern Rot, Loos Violett, Aubergine, Pfirsichorange und andere bekannte kt.COLOR Farben sind aus Anregungen von Kunden hervorgegangen. Hella Jongerius w\u00fcnschte sich einen schwarzen Regenbogen, G\u00fcnther F\u00f6rg opakes caput mortuum, Arthur R\u00fcegg ein warmes Erdgr\u00fcn, eine Kundin schickte uns eine petrolblaue Nespresso-Kapsel, die ihr besonders gut gefiel. Sie beschreiben Ihre Farbw\u00fcnsche und diese k\u00f6nnen in jeder Menge ab 1 kg produziert werden. Mit den 120 Pigmenten gibt es kaum einen koloristischen Wunsch, der nicht erf\u00fcllt werden kann.<\/p>\n<p>kt.COLOR Farben funkeln wie frisch gefallener Schnee. Sie donnern aus der Tiefe, f\u00fcllen R\u00e4ume mit dem Klang der Stille, leuchten wie Mondschein.<br \/>\nDas macht sie zu Farben der Poesie.<\/p>\n<p>Liebhaber von exklusiven Materialien finden ihre Farben f\u00fcr Architektur und Design bei kt.COLOR in der Farbmanufaktur.<br \/>\nWir freuen uns Ihnen dieses einmalige Farberlebnis anbieten zu k\u00f6nnen.<br \/>\nF\u00fcr weiter Informationen benutzen Sie bitte den Link <a href=\"http:\/\/www.ktcolor.de\">www.ktcolor.de<\/a><\/p>\n","protected":false},"excerpt":{"rendered":"<p>kt.COLOR, die Farbmanufaktur In einer ehemaligen Weberei im Z\u00fcricher Oberland werden Farben und Kalkputze hergestellt, die Architekten, Designer und Bauherren weltweit begeistern. Unverf\u00e4lschte Erdfarben und seltene Pigmente wie Elfenbeinschwarz, Pariserblau, Halbedelsteine und Veronesergr\u00fcn zeichnen die Produkte aus. Farbe ist Material. Die handwerkliche Herstellung von Farben im Manufakturbetrieb unter Verwendung von mehr als 120 pr\u00e4chtigen Pigmenten [&hellip;]<\/p>\n","protected":false},"author":1,"featured_media":0,"parent":0,"menu_order":0,"comment_status":"closed","ping_status":"closed","template":"","meta":{"footnotes":""},"class_list":["post-3496","page","type-page","status-publish","hentry"],"yoast_head":"<!-- This site is optimized with the Yoast SEO plugin v26.8 - https:\/\/yoast.com\/product\/yoast-seo-wordpress\/ -->\n<title>kt.COLOR - Andreas Bendfeld Maler- und Lackierermeister | Fachkraft Lehmbau DVL<\/title>\n<meta name=\"robots\" content=\"index, follow, max-snippet:-1, max-image-preview:large, max-video-preview:-1\" \/>\n<link rel=\"canonical\" href=\"https:\/\/maler-bendfeld.de\/index.php\/kt-color\/\" \/>\n<meta property=\"og:locale\" content=\"de_DE\" \/>\n<meta property=\"og:type\" content=\"article\" \/>\n<meta property=\"og:title\" content=\"kt.COLOR - Andreas Bendfeld Maler- und Lackierermeister | Fachkraft Lehmbau DVL\" \/>\n<meta property=\"og:description\" content=\"kt.COLOR, die Farbmanufaktur In einer ehemaligen Weberei im Z\u00fcricher Oberland werden Farben und Kalkputze hergestellt, die Architekten, Designer und Bauherren weltweit begeistern. Unverf\u00e4lschte Erdfarben und seltene Pigmente wie Elfenbeinschwarz, Pariserblau, Halbedelsteine und Veronesergr\u00fcn zeichnen die Produkte aus. Farbe ist Material. Die handwerkliche Herstellung von Farben im Manufakturbetrieb unter Verwendung von mehr als 120 pr\u00e4chtigen Pigmenten [&hellip;]\" \/>\n<meta property=\"og:url\" content=\"https:\/\/maler-bendfeld.de\/index.php\/kt-color\/\" \/>\n<meta property=\"og:site_name\" content=\"Andreas Bendfeld Maler- und Lackierermeister | Fachkraft Lehmbau DVL\" \/>\n<meta property=\"article:modified_time\" content=\"2017-11-01T12:34:37+00:00\" \/>\n<meta name=\"twitter:card\" content=\"summary_large_image\" \/>\n<meta name=\"twitter:label1\" content=\"Gesch\u00e4tzte Lesezeit\" \/>\n\t<meta name=\"twitter:data1\" content=\"2\u00a0Minuten\" \/>\n<script type=\"application\/ld+json\" class=\"yoast-schema-graph\">{\"@context\":\"https:\/\/schema.org\",\"@graph\":[{\"@type\":\"WebPage\",\"@id\":\"https:\/\/maler-bendfeld.de\/index.php\/kt-color\/\",\"url\":\"https:\/\/maler-bendfeld.de\/index.php\/kt-color\/\",\"name\":\"kt.COLOR - Andreas Bendfeld Maler- und Lackierermeister | Fachkraft Lehmbau DVL\",\"isPartOf\":{\"@id\":\"https:\/\/maler-bendfeld.de\/#website\"},\"datePublished\":\"2017-11-01T12:26:56+00:00\",\"dateModified\":\"2017-11-01T12:34:37+00:00\",\"breadcrumb\":{\"@id\":\"https:\/\/maler-bendfeld.de\/index.php\/kt-color\/#breadcrumb\"},\"inLanguage\":\"de\",\"potentialAction\":[{\"@type\":\"ReadAction\",\"target\":[\"https:\/\/maler-bendfeld.de\/index.php\/kt-color\/\"]}]},{\"@type\":\"BreadcrumbList\",\"@id\":\"https:\/\/maler-bendfeld.de\/index.php\/kt-color\/#breadcrumb\",\"itemListElement\":[{\"@type\":\"ListItem\",\"position\":1,\"name\":\"Startseite\",\"item\":\"https:\/\/maler-bendfeld.de\/\"},{\"@type\":\"ListItem\",\"position\":2,\"name\":\"kt.COLOR\"}]},{\"@type\":\"WebSite\",\"@id\":\"https:\/\/maler-bendfeld.de\/#website\",\"url\":\"https:\/\/maler-bendfeld.de\/\",\"name\":\"Andreas Bendfeld Maler- und Lackierermeister | Fachkraft Lehmbau DVL\",\"description\":\"in D\u00fcsseldorf, Neuss, Kaarst und Umgebung\",\"potentialAction\":[{\"@type\":\"SearchAction\",\"target\":{\"@type\":\"EntryPoint\",\"urlTemplate\":\"https:\/\/maler-bendfeld.de\/?s={search_term_string}\"},\"query-input\":{\"@type\":\"PropertyValueSpecification\",\"valueRequired\":true,\"valueName\":\"search_term_string\"}}],\"inLanguage\":\"de\"}]}<\/script>\n<!-- \/ Yoast SEO plugin. -->","yoast_head_json":{"title":"kt.COLOR - Andreas Bendfeld Maler- und Lackierermeister | Fachkraft Lehmbau DVL","robots":{"index":"index","follow":"follow","max-snippet":"max-snippet:-1","max-image-preview":"max-image-preview:large","max-video-preview":"max-video-preview:-1"},"canonical":"https:\/\/maler-bendfeld.de\/index.php\/kt-color\/","og_locale":"de_DE","og_type":"article","og_title":"kt.COLOR - Andreas Bendfeld Maler- und Lackierermeister | Fachkraft Lehmbau DVL","og_description":"kt.COLOR, die Farbmanufaktur In einer ehemaligen Weberei im Z\u00fcricher Oberland werden Farben und Kalkputze hergestellt, die Architekten, Designer und Bauherren weltweit begeistern. Unverf\u00e4lschte Erdfarben und seltene Pigmente wie Elfenbeinschwarz, Pariserblau, Halbedelsteine und Veronesergr\u00fcn zeichnen die Produkte aus. Farbe ist Material. Die handwerkliche Herstellung von Farben im Manufakturbetrieb unter Verwendung von mehr als 120 pr\u00e4chtigen Pigmenten [&hellip;]","og_url":"https:\/\/maler-bendfeld.de\/index.php\/kt-color\/","og_site_name":"Andreas Bendfeld Maler- und Lackierermeister | Fachkraft Lehmbau DVL","article_modified_time":"2017-11-01T12:34:37+00:00","twitter_card":"summary_large_image","twitter_misc":{"Gesch\u00e4tzte Lesezeit":"2\u00a0Minuten"},"schema":{"@context":"https:\/\/schema.org","@graph":[{"@type":"WebPage","@id":"https:\/\/maler-bendfeld.de\/index.php\/kt-color\/","url":"https:\/\/maler-bendfeld.de\/index.php\/kt-color\/","name":"kt.COLOR - Andreas Bendfeld Maler- und Lackierermeister | Fachkraft Lehmbau DVL","isPartOf":{"@id":"https:\/\/maler-bendfeld.de\/#website"},"datePublished":"2017-11-01T12:26:56+00:00","dateModified":"2017-11-01T12:34:37+00:00","breadcrumb":{"@id":"https:\/\/maler-bendfeld.de\/index.php\/kt-color\/#breadcrumb"},"inLanguage":"de","potentialAction":[{"@type":"ReadAction","target":["https:\/\/maler-bendfeld.de\/index.php\/kt-color\/"]}]},{"@type":"BreadcrumbList","@id":"https:\/\/maler-bendfeld.de\/index.php\/kt-color\/#breadcrumb","itemListElement":[{"@type":"ListItem","position":1,"name":"Startseite","item":"https:\/\/maler-bendfeld.de\/"},{"@type":"ListItem","position":2,"name":"kt.COLOR"}]},{"@type":"WebSite","@id":"https:\/\/maler-bendfeld.de\/#website","url":"https:\/\/maler-bendfeld.de\/","name":"Andreas Bendfeld Maler- und Lackierermeister | Fachkraft Lehmbau DVL","description":"in D\u00fcsseldorf, Neuss, Kaarst und Umgebung","potentialAction":[{"@type":"SearchAction","target":{"@type":"EntryPoint","urlTemplate":"https:\/\/maler-bendfeld.de\/?s={search_term_string}"},"query-input":{"@type":"PropertyValueSpecification","valueRequired":true,"valueName":"search_term_string"}}],"inLanguage":"de"}]}},"_links":{"self":[{"href":"https:\/\/maler-bendfeld.de\/index.php\/wp-json\/wp\/v2\/pages\/3496","targetHints":{"allow":["GET"]}}],"collection":[{"href":"https:\/\/maler-bendfeld.de\/index.php\/wp-json\/wp\/v2\/pages"}],"about":[{"href":"https:\/\/maler-bendfeld.de\/index.php\/wp-json\/wp\/v2\/types\/page"}],"author":[{"embeddable":true,"href":"https:\/\/maler-bendfeld.de\/index.php\/wp-json\/wp\/v2\/users\/1"}],"replies":[{"embeddable":true,"href":"https:\/\/maler-bendfeld.de\/index.php\/wp-json\/wp\/v2\/comments?post=3496"}],"version-history":[{"count":0,"href":"https:\/\/maler-bendfeld.de\/index.php\/wp-json\/wp\/v2\/pages\/3496\/revisions"}],"wp:attachment":[{"href":"https:\/\/maler-bendfeld.de\/index.php\/wp-json\/wp\/v2\/media?parent=3496"}],"curies":[{"name":"wp","href":"https:\/\/api.w.org\/{rel}","templated":true}]}}