{"id":734,"date":"2013-04-01T15:37:54","date_gmt":"2013-04-01T15:37:54","guid":{"rendered":"http:\/\/www.kriesi.at\/themes\/enfold\/?page_id=734"},"modified":"2017-11-01T13:33:06","modified_gmt":"2017-11-01T12:33:06","slug":"homepage","status":"publish","type":"page","link":"https:\/\/maler-bendfeld.de\/","title":{"rendered":"Homepage"},"content":{"rendered":"<div id='layer_slider_1'  class='avia-layerslider main_color avia-shadow  avia-builder-el-0  el_before_av_one_fourth  avia-builder-el-first  container_wrap sidebar_right'  style='height: 471px; max-width: 1140px; margin: 0 auto;'  ><\/div><div id='after_layer_slider_1'  class='main_color av_default_container_wrap container_wrap sidebar_right'  ><div class='container av-section-cont-open' ><div class='template-page content  av-content-small alpha units'><div class='post-entry post-entry-type-page post-entry-734'><div class='entry-content-wrapper clearfix'>\n\n<style type=\"text\/css\" data-created_by=\"avia_inline_auto\" id=\"style-css-av-av_one_fourth-352b07ef7d3bc99b2e9f92e7a9e06bdb\">\n.flex_column.av-av_one_fourth-352b07ef7d3bc99b2e9f92e7a9e06bdb{\n-webkit-border-radius:0px 0px 0px 0px;\n-moz-border-radius:0px 0px 0px 0px;\nborder-radius:0px 0px 0px 0px;\npadding:0px 0px 0px 0px;\n}\n<\/style>\n<div class='flex_column av-av_one_fourth-352b07ef7d3bc99b2e9f92e7a9e06bdb av_one_fourth  avia-builder-el-1  el_after_av_layerslider  el_before_av_one_fourth  avia-builder-el-first  first flex_column_div av-zero-column-padding '     ><style type=\"text\/css\" data-created_by=\"avia_inline_auto\" id=\"style-css-av-av_icon_box-9e354a59f3488c089c5bfb869e90c333\">\n.iconbox.av-av_icon_box-9e354a59f3488c089c5bfb869e90c333 .iconbox_icon{\nbackground-color:#061a71;\nborder:1px solid #061a71;\ncolor:#ffffff;\n}\n<\/style>\n<article  class='iconbox iconbox_left_content av-av_icon_box-9e354a59f3488c089c5bfb869e90c333  avia-builder-el-2  avia-builder-el-no-sibling '  itemscope=\"itemscope\" itemtype=\"https:\/\/schema.org\/CreativeWork\" ><div class=\"iconbox_icon heading-color\" aria-hidden='true' data-av_icon='\ue812' data-av_iconfont='entypo-fontello'><\/div><div class=\"iconbox_content\"><header class=\"entry-content-header\"><h3 class='iconbox_content_title '  itemprop=\"headline\" ><a href='https:\/\/maler-bendfeld.de\/index.php\/klassische-malerarbeiten\/' title='Klassische Malerarbeiten'  >Klassische Malerarbeiten<\/a><\/h3><\/header><div class='iconbox_content_container '  itemprop=\"text\" ><p>Tapezieren, Lackieren &amp; Anstreichen im Innen- und Au\u00dfenbereich<\/p>\n<\/div><\/div><footer class=\"entry-footer\"><\/footer><\/article><\/div>\n\n<style type=\"text\/css\" data-created_by=\"avia_inline_auto\" id=\"style-css-av-av_one_fourth-2a64de42b738552fe666ca889af77e28\">\n.flex_column.av-av_one_fourth-2a64de42b738552fe666ca889af77e28{\n-webkit-border-radius:0px 0px 0px 0px;\n-moz-border-radius:0px 0px 0px 0px;\nborder-radius:0px 0px 0px 0px;\npadding:0px 0px 0px 0px;\n}\n<\/style>\n<div class='flex_column av-av_one_fourth-2a64de42b738552fe666ca889af77e28 av_one_fourth  avia-builder-el-3  el_after_av_one_fourth  el_before_av_one_fourth  flex_column_div av-zero-column-padding '     ><style type=\"text\/css\" data-created_by=\"avia_inline_auto\" id=\"style-css-av-av_icon_box-ccc10cdfdfde4fbf2504fb93bc784940\">\n.iconbox.av-av_icon_box-ccc10cdfdfde4fbf2504fb93bc784940 .iconbox_icon{\nbackground-color:#061a71;\nborder:1px solid #061a71;\ncolor:#ffffff;\n}\n<\/style>\n<article  class='iconbox iconbox_left_content av-av_icon_box-ccc10cdfdfde4fbf2504fb93bc784940  avia-builder-el-4  avia-builder-el-no-sibling '  itemscope=\"itemscope\" itemtype=\"https:\/\/schema.org\/CreativeWork\" ><div class=\"iconbox_icon heading-color\" aria-hidden='true' data-av_icon='\ue812' data-av_iconfont='entypo-fontello'><\/div><div class=\"iconbox_content\"><header class=\"entry-content-header\"><h3 class='iconbox_content_title '  itemprop=\"headline\" ><a href='https:\/\/maler-bendfeld.de\/index.php\/oekologischer-trockenbau\/' title='\u00d6kologischer Trockenbau'  >\u00d6kologischer Trockenbau<\/a><\/h3><\/header><div class='iconbox_content_container '  itemprop=\"text\" ><p>Leichtbau mit \u00f6kologischen Baustoffen<\/p>\n<\/div><\/div><footer class=\"entry-footer\"><\/footer><\/article><\/div>\n\n<style type=\"text\/css\" data-created_by=\"avia_inline_auto\" id=\"style-css-av-av_one_fourth-2a64de42b738552fe666ca889af77e28\">\n.flex_column.av-av_one_fourth-2a64de42b738552fe666ca889af77e28{\n-webkit-border-radius:0px 0px 0px 0px;\n-moz-border-radius:0px 0px 0px 0px;\nborder-radius:0px 0px 0px 0px;\npadding:0px 0px 0px 0px;\n}\n<\/style>\n<div class='flex_column av-av_one_fourth-2a64de42b738552fe666ca889af77e28 av_one_fourth  avia-builder-el-5  el_after_av_one_fourth  el_before_av_one_fourth  flex_column_div av-zero-column-padding '     ><style type=\"text\/css\" data-created_by=\"avia_inline_auto\" id=\"style-css-av-av_icon_box-6ae58059ac22258fec45dbd636fc702f\">\n.iconbox.av-av_icon_box-6ae58059ac22258fec45dbd636fc702f .iconbox_icon{\nbackground-color:#061a71;\nborder:1px solid #061a71;\ncolor:#ffffff;\n}\n<\/style>\n<article  class='iconbox iconbox_left_content av-av_icon_box-6ae58059ac22258fec45dbd636fc702f  avia-builder-el-6  avia-builder-el-no-sibling '  itemscope=\"itemscope\" itemtype=\"https:\/\/schema.org\/CreativeWork\" ><div class=\"iconbox_icon heading-color\" aria-hidden='true' data-av_icon='\ue812' data-av_iconfont='entypo-fontello'><\/div><div class=\"iconbox_content\"><header class=\"entry-content-header\"><h3 class='iconbox_content_title '  itemprop=\"headline\" ><a href='https:\/\/maler-bendfeld.de\/index.php\/lehm\/' title='Lehm'  >Lehm<\/a><\/h3><\/header><div class='iconbox_content_container '  itemprop=\"text\" ><p>Mit dem Baustoff Lehm zu einem besseren Raumklima<\/p>\n<\/div><\/div><footer class=\"entry-footer\"><\/footer><\/article><\/div>\n\n<style type=\"text\/css\" data-created_by=\"avia_inline_auto\" id=\"style-css-av-av_one_fourth-2a64de42b738552fe666ca889af77e28\">\n.flex_column.av-av_one_fourth-2a64de42b738552fe666ca889af77e28{\n-webkit-border-radius:0px 0px 0px 0px;\n-moz-border-radius:0px 0px 0px 0px;\nborder-radius:0px 0px 0px 0px;\npadding:0px 0px 0px 0px;\n}\n<\/style>\n<div class='flex_column av-av_one_fourth-2a64de42b738552fe666ca889af77e28 av_one_fourth  avia-builder-el-7  el_after_av_one_fourth  el_before_av_section  avia-builder-el-last  flex_column_div av-zero-column-padding '     ><style type=\"text\/css\" data-created_by=\"avia_inline_auto\" id=\"style-css-av-av_icon_box-613b99246e376a929b651fccf0d961c4\">\n.iconbox.av-av_icon_box-613b99246e376a929b651fccf0d961c4 .iconbox_icon{\nbackground-color:#061a71;\nborder:1px solid #061a71;\ncolor:#ffffff;\n}\n<\/style>\n<article  class='iconbox iconbox_left_content av-av_icon_box-613b99246e376a929b651fccf0d961c4  avia-builder-el-8  avia-builder-el-no-sibling '  itemscope=\"itemscope\" itemtype=\"https:\/\/schema.org\/CreativeWork\" ><div class=\"iconbox_icon heading-color\" aria-hidden='true' data-av_icon='\ue812' data-av_iconfont='entypo-fontello'><\/div><div class=\"iconbox_content\"><header class=\"entry-content-header\"><h3 class='iconbox_content_title '  itemprop=\"headline\" ><a href='https:\/\/maler-bendfeld.de\/index.php\/kalk\/' title='Kalk'  >Kalk<\/a><\/h3><\/header><div class='iconbox_content_container '  itemprop=\"text\" ><p>Atmungsaktive W\u00e4nde mit Kalk zur Schimmerpr\u00e4vention<\/p>\n<\/div><\/div><footer class=\"entry-footer\"><\/footer><\/article><\/div>\n<\/div><\/div><\/div><!-- close content main div --><\/div><\/div><div id='av_section_1'  class='avia-section av-av_section-1cdc49a81361c2d5c607061de2705316 alternate_color avia-section-large avia-shadow  avia-builder-el-9  el_after_av_one_fourth  avia-builder-el-last  avia-bg-style-scroll container_wrap sidebar_right'  ><div class='container av-section-cont-open' ><div class='template-page content  av-content-small alpha units'><div class='post-entry post-entry-type-page post-entry-734'><div class='entry-content-wrapper clearfix'>\n<div class='flex_column av-av_three_fifth-2a9015ff38129c418a3f2eafba3e9512 av_three_fifth  avia-builder-el-10  el_before_av_two_fifth  avia-builder-el-first  first flex_column_div '     ><section  class='av_textblock_section av-av_textblock-0366cc7376be6c9e82a3e9cc8987b64f'  itemscope=\"itemscope\" itemtype=\"https:\/\/schema.org\/CreativeWork\" ><div class='avia_textblock'  itemprop=\"text\" ><h2 style=\"text-align: left;\">Malerbetrieb aus D\u00fcsseldorf<\/h2>\n<\/div><\/section><br \/>\n\n<style type=\"text\/css\" data-created_by=\"avia_inline_auto\" id=\"style-css-av-av_hr-a6de236e6c183bbbd700292deacd2b52\">\n#top .hr.hr-invisible.av-av_hr-a6de236e6c183bbbd700292deacd2b52{\nheight:20px;\n}\n<\/style>\n<div  class='hr av-av_hr-a6de236e6c183bbbd700292deacd2b52 hr-invisible  avia-builder-el-12  el_after_av_textblock  el_before_av_textblock '><span class='hr-inner '><span class=\"hr-inner-style\"><\/span><\/span><\/div><br \/>\n<section  class='av_textblock_section av-av_textblock-0366cc7376be6c9e82a3e9cc8987b64f'  itemscope=\"itemscope\" itemtype=\"https:\/\/schema.org\/CreativeWork\" ><div class='avia_textblock'  itemprop=\"text\" ><h4 style=\"text-align: left;\">In \u00fcber f\u00fcnfzig Jahren wurden viele Erfahrungen mit verschiedenen Materialien und handwerklichen Techniken gesammelt. Die klassischen T\u00e4tigkeiten des Malerhandwerkes bilden die Grundlage unserer Arbeiten, mit den von uns bevorzugten \u00f6kologischen Produkten, angepasst an den jeweiligen Bed\u00fcrfnissen und Anspr\u00fcchen. Unser Meisterbetrieb ist ein kompetenter und zuverl\u00e4ssiger Partner f\u00fcr Malerarbeiten im Innen- und Au\u00dfenbereich. Wir freuen uns auf Ihre Anfrage.<\/h4>\n<h4 style=\"text-align: left;\"><a href=\"http:\/\/maler-bendfeld.de\/wp-content\/uploads\/2013\/04\/signa2.png\"><img loading=\"lazy\" decoding=\"async\" class=\"alignnone size-medium wp-image-3275\" src=\"http:\/\/maler-bendfeld.de\/wp-content\/uploads\/2013\/04\/signa2-300x57.png\" alt=\"signa\" width=\"300\" height=\"57\" srcset=\"https:\/\/maler-bendfeld.de\/wp-content\/uploads\/2013\/04\/signa2-300x57.png 300w, https:\/\/maler-bendfeld.de\/wp-content\/uploads\/2013\/04\/signa2.png 340w\" sizes=\"auto, (max-width: 300px) 100vw, 300px\" \/><\/a><\/h4>\n<h4 style=\"text-align: left;\">Maler- und Lackierermeister, Fachkraft Lehmbau DVL<\/h4>\n<\/div><\/section><br \/>\n\n<style type=\"text\/css\" data-created_by=\"avia_inline_auto\" id=\"style-css-av-av_hr-a6de236e6c183bbbd700292deacd2b52\">\n#top .hr.hr-invisible.av-av_hr-a6de236e6c183bbbd700292deacd2b52{\nheight:20px;\n}\n<\/style>\n<div  class='hr av-av_hr-a6de236e6c183bbbd700292deacd2b52 hr-invisible  avia-builder-el-14  el_after_av_textblock  avia-builder-el-last '><span class='hr-inner '><span class=\"hr-inner-style\"><\/span><\/span><\/div><\/p><\/div>\n<style type=\"text\/css\" data-created_by=\"avia_inline_auto\" id=\"style-css-av-av_two_fifth-2a64de42b738552fe666ca889af77e28\">\n.flex_column.av-av_two_fifth-2a64de42b738552fe666ca889af77e28{\n-webkit-border-radius:0px 0px 0px 0px;\n-moz-border-radius:0px 0px 0px 0px;\nborder-radius:0px 0px 0px 0px;\npadding:0px 0px 0px 0px;\n}\n<\/style>\n<div class='flex_column av-av_two_fifth-2a64de42b738552fe666ca889af77e28 av_two_fifth  avia-builder-el-15  el_after_av_three_fifth  avia-builder-el-last  flex_column_div av-zero-column-padding '     ><section  class='av_textblock_section av-av_textblock-0366cc7376be6c9e82a3e9cc8987b64f'  itemscope=\"itemscope\" itemtype=\"https:\/\/schema.org\/CreativeWork\" ><div class='avia_textblock'  itemprop=\"text\" ><h4><img loading=\"lazy\" decoding=\"async\" class=\"alignnone wp-image-3499\" src=\"http:\/\/maler-bendfeld.de\/wp-content\/uploads\/2013\/04\/kt-color-duesseldorf.jpg\" alt=\"\" width=\"363\" height=\"363\" srcset=\"https:\/\/maler-bendfeld.de\/wp-content\/uploads\/2013\/04\/kt-color-duesseldorf.jpg 1000w, https:\/\/maler-bendfeld.de\/wp-content\/uploads\/2013\/04\/kt-color-duesseldorf-150x150.jpg 150w, https:\/\/maler-bendfeld.de\/wp-content\/uploads\/2013\/04\/kt-color-duesseldorf-300x300.jpg 300w, https:\/\/maler-bendfeld.de\/wp-content\/uploads\/2013\/04\/kt-color-duesseldorf-768x768.jpg 768w, https:\/\/maler-bendfeld.de\/wp-content\/uploads\/2013\/04\/kt-color-duesseldorf-36x36.jpg 36w, https:\/\/maler-bendfeld.de\/wp-content\/uploads\/2013\/04\/kt-color-duesseldorf-180x180.jpg 180w, https:\/\/maler-bendfeld.de\/wp-content\/uploads\/2013\/04\/kt-color-duesseldorf-705x705.jpg 705w, https:\/\/maler-bendfeld.de\/wp-content\/uploads\/2013\/04\/kt-color-duesseldorf-120x120.jpg 120w, https:\/\/maler-bendfeld.de\/wp-content\/uploads\/2013\/04\/kt-color-duesseldorf-450x450.jpg 450w\" sizes=\"auto, (max-width: 363px) 100vw, 363px\" \/><\/h4>\n<\/div><\/section><\/div><\/div><\/div><\/div><!-- close content main div --><\/div><\/div><div id='after_section_1'  class='main_color av_default_container_wrap container_wrap sidebar_right'  ><div class='container av-section-cont-open' ><div class='template-page content  av-content-small alpha units'><div class='post-entry post-entry-type-page post-entry-734'><div class='entry-content-wrapper clearfix'>\n","protected":false},"excerpt":{"rendered":"<p>This is a Page excerpt. It will be displayed for search results<\/p>\n","protected":false},"author":1,"featured_media":0,"parent":0,"menu_order":0,"comment_status":"open","ping_status":"open","template":"","meta":{"footnotes":""},"class_list":["post-734","page","type-page","status-publish","hentry"],"yoast_head":"<!-- This site is optimized with the Yoast SEO plugin v26.8 - https:\/\/yoast.com\/product\/yoast-seo-wordpress\/ -->\n<title>Homepage - Andreas Bendfeld Maler- und Lackierermeister | Fachkraft Lehmbau DVL<\/title>\n<meta name=\"robots\" content=\"index, follow, max-snippet:-1, max-image-preview:large, max-video-preview:-1\" \/>\n<link rel=\"canonical\" href=\"https:\/\/maler-bendfeld.de\/\" \/>\n<meta property=\"og:locale\" content=\"de_DE\" \/>\n<meta property=\"og:type\" content=\"article\" \/>\n<meta property=\"og:title\" content=\"Homepage - Andreas Bendfeld Maler- und Lackierermeister | Fachkraft Lehmbau DVL\" \/>\n<meta property=\"og:description\" content=\"This is a Page excerpt. It will be displayed for search results\" \/>\n<meta property=\"og:url\" content=\"https:\/\/maler-bendfeld.de\/\" \/>\n<meta property=\"og:site_name\" content=\"Andreas Bendfeld Maler- und Lackierermeister | Fachkraft Lehmbau DVL\" \/>\n<meta property=\"article:modified_time\" content=\"2017-11-01T12:33:06+00:00\" \/>\n<meta property=\"og:image\" content=\"http:\/\/maler-bendfeld.de\/wp-content\/uploads\/2013\/04\/signa2-300x57.png\" \/>\n<meta name=\"twitter:card\" content=\"summary_large_image\" \/>\n<meta name=\"twitter:label1\" content=\"Gesch\u00e4tzte Lesezeit\" \/>\n\t<meta name=\"twitter:data1\" content=\"3\u00a0Minuten\" \/>\n<script type=\"application\/ld+json\" class=\"yoast-schema-graph\">{\"@context\":\"https:\/\/schema.org\",\"@graph\":[{\"@type\":\"WebPage\",\"@id\":\"https:\/\/maler-bendfeld.de\/\",\"url\":\"https:\/\/maler-bendfeld.de\/\",\"name\":\"Homepage - Andreas Bendfeld Maler- und Lackierermeister | Fachkraft Lehmbau DVL\",\"isPartOf\":{\"@id\":\"https:\/\/maler-bendfeld.de\/#website\"},\"primaryImageOfPage\":{\"@id\":\"https:\/\/maler-bendfeld.de\/#primaryimage\"},\"image\":{\"@id\":\"https:\/\/maler-bendfeld.de\/#primaryimage\"},\"thumbnailUrl\":\"http:\/\/maler-bendfeld.de\/wp-content\/uploads\/2013\/04\/signa2-300x57.png\",\"datePublished\":\"2013-04-01T15:37:54+00:00\",\"dateModified\":\"2017-11-01T12:33:06+00:00\",\"breadcrumb\":{\"@id\":\"https:\/\/maler-bendfeld.de\/#breadcrumb\"},\"inLanguage\":\"de\",\"potentialAction\":[{\"@type\":\"ReadAction\",\"target\":[\"https:\/\/maler-bendfeld.de\/\"]}]},{\"@type\":\"ImageObject\",\"inLanguage\":\"de\",\"@id\":\"https:\/\/maler-bendfeld.de\/#primaryimage\",\"url\":\"http:\/\/maler-bendfeld.de\/wp-content\/uploads\/2013\/04\/signa2-300x57.png\",\"contentUrl\":\"http:\/\/maler-bendfeld.de\/wp-content\/uploads\/2013\/04\/signa2-300x57.png\"},{\"@type\":\"BreadcrumbList\",\"@id\":\"https:\/\/maler-bendfeld.de\/#breadcrumb\",\"itemListElement\":[{\"@type\":\"ListItem\",\"position\":1,\"name\":\"Startseite\",\"item\":\"https:\/\/maler-bendfeld.de\/\"},{\"@type\":\"ListItem\",\"position\":2,\"name\":\"Homepage\"}]},{\"@type\":\"WebSite\",\"@id\":\"https:\/\/maler-bendfeld.de\/#website\",\"url\":\"https:\/\/maler-bendfeld.de\/\",\"name\":\"Andreas Bendfeld Maler- und Lackierermeister | Fachkraft Lehmbau DVL\",\"description\":\"in D\u00fcsseldorf, Neuss, Kaarst und Umgebung\",\"potentialAction\":[{\"@type\":\"SearchAction\",\"target\":{\"@type\":\"EntryPoint\",\"urlTemplate\":\"https:\/\/maler-bendfeld.de\/?s={search_term_string}\"},\"query-input\":{\"@type\":\"PropertyValueSpecification\",\"valueRequired\":true,\"valueName\":\"search_term_string\"}}],\"inLanguage\":\"de\"}]}<\/script>\n<!-- \/ Yoast SEO plugin. -->","yoast_head_json":{"title":"Homepage - Andreas Bendfeld Maler- und Lackierermeister | Fachkraft Lehmbau DVL","robots":{"index":"index","follow":"follow","max-snippet":"max-snippet:-1","max-image-preview":"max-image-preview:large","max-video-preview":"max-video-preview:-1"},"canonical":"https:\/\/maler-bendfeld.de\/","og_locale":"de_DE","og_type":"article","og_title":"Homepage - Andreas Bendfeld Maler- und Lackierermeister | Fachkraft Lehmbau DVL","og_description":"This is a Page excerpt. It will be displayed for search results","og_url":"https:\/\/maler-bendfeld.de\/","og_site_name":"Andreas Bendfeld Maler- und Lackierermeister | Fachkraft Lehmbau DVL","article_modified_time":"2017-11-01T12:33:06+00:00","og_image":[{"url":"http:\/\/maler-bendfeld.de\/wp-content\/uploads\/2013\/04\/signa2-300x57.png","type":"","width":"","height":""}],"twitter_card":"summary_large_image","twitter_misc":{"Gesch\u00e4tzte Lesezeit":"3\u00a0Minuten"},"schema":{"@context":"https:\/\/schema.org","@graph":[{"@type":"WebPage","@id":"https:\/\/maler-bendfeld.de\/","url":"https:\/\/maler-bendfeld.de\/","name":"Homepage - Andreas Bendfeld Maler- und Lackierermeister | Fachkraft Lehmbau DVL","isPartOf":{"@id":"https:\/\/maler-bendfeld.de\/#website"},"primaryImageOfPage":{"@id":"https:\/\/maler-bendfeld.de\/#primaryimage"},"image":{"@id":"https:\/\/maler-bendfeld.de\/#primaryimage"},"thumbnailUrl":"http:\/\/maler-bendfeld.de\/wp-content\/uploads\/2013\/04\/signa2-300x57.png","datePublished":"2013-04-01T15:37:54+00:00","dateModified":"2017-11-01T12:33:06+00:00","breadcrumb":{"@id":"https:\/\/maler-bendfeld.de\/#breadcrumb"},"inLanguage":"de","potentialAction":[{"@type":"ReadAction","target":["https:\/\/maler-bendfeld.de\/"]}]},{"@type":"ImageObject","inLanguage":"de","@id":"https:\/\/maler-bendfeld.de\/#primaryimage","url":"http:\/\/maler-bendfeld.de\/wp-content\/uploads\/2013\/04\/signa2-300x57.png","contentUrl":"http:\/\/maler-bendfeld.de\/wp-content\/uploads\/2013\/04\/signa2-300x57.png"},{"@type":"BreadcrumbList","@id":"https:\/\/maler-bendfeld.de\/#breadcrumb","itemListElement":[{"@type":"ListItem","position":1,"name":"Startseite","item":"https:\/\/maler-bendfeld.de\/"},{"@type":"ListItem","position":2,"name":"Homepage"}]},{"@type":"WebSite","@id":"https:\/\/maler-bendfeld.de\/#website","url":"https:\/\/maler-bendfeld.de\/","name":"Andreas Bendfeld Maler- und Lackierermeister | Fachkraft Lehmbau DVL","description":"in D\u00fcsseldorf, Neuss, Kaarst und Umgebung","potentialAction":[{"@type":"SearchAction","target":{"@type":"EntryPoint","urlTemplate":"https:\/\/maler-bendfeld.de\/?s={search_term_string}"},"query-input":{"@type":"PropertyValueSpecification","valueRequired":true,"valueName":"search_term_string"}}],"inLanguage":"de"}]}},"_links":{"self":[{"href":"https:\/\/maler-bendfeld.de\/index.php\/wp-json\/wp\/v2\/pages\/734","targetHints":{"allow":["GET"]}}],"collection":[{"href":"https:\/\/maler-bendfeld.de\/index.php\/wp-json\/wp\/v2\/pages"}],"about":[{"href":"https:\/\/maler-bendfeld.de\/index.php\/wp-json\/wp\/v2\/types\/page"}],"author":[{"embeddable":true,"href":"https:\/\/maler-bendfeld.de\/index.php\/wp-json\/wp\/v2\/users\/1"}],"replies":[{"embeddable":true,"href":"https:\/\/maler-bendfeld.de\/index.php\/wp-json\/wp\/v2\/comments?post=734"}],"version-history":[{"count":0,"href":"https:\/\/maler-bendfeld.de\/index.php\/wp-json\/wp\/v2\/pages\/734\/revisions"}],"wp:attachment":[{"href":"https:\/\/maler-bendfeld.de\/index.php\/wp-json\/wp\/v2\/media?parent=734"}],"curies":[{"name":"wp","href":"https:\/\/api.w.org\/{rel}","templated":true}]}}